{"id":74,"date":"2014-07-01T00:42:52","date_gmt":"2014-06-30T21:42:52","guid":{"rendered":"https:\/\/www.baos.com.tr\/?page_id=74"},"modified":"2025-07-22T01:12:11","modified_gmt":"2025-07-21T22:12:11","slug":"biz-kimiz","status":"publish","type":"page","link":"https:\/\/www.baos.com.tr\/de\/biz-kimiz\/","title":{"rendered":"Biz Kimiz?"},"content":{"rendered":"<p><span id=\"g1-space-1\" class=\"g1-space \" style=\"height:1.5em;\"><\/span><\/p>\n<div id=\"g1-divider-1\" class=\"g1-divider g1-divider--none g1-divider--icon \"><span><i class=\"fa fa-info\"><\/i><\/span><\/div>\n<span id=\"g1-space-2\" class=\"g1-space \" style=\"height:1.5em;\"><\/span>\n<h4 style=\"text-align: center;\">BAOS Makine Ekipmanlar\u0131, \u0130n\u015faat, Proje Y\u00f6netimi A.\u015e 25 senelik deneyimiyle anahtar teslimi istasyon kurulumu yapmaktad\u0131r. Opet, Shell, Bp, Total, Petrol Ofisi, Alpet, Aytemiz gibi \u00f6nde gelen bir \u00e7ok akaryak\u0131t da\u011f\u0131t\u0131m firmas\u0131 i\u00e7in yurti\u00e7inde ve yurtd\u0131\u015f\u0131nda bir\u00e7ok i\u015fte g\u00f6rev alm\u0131\u015ft\u0131r.Temiz, g\u00fcvenli, sa\u011flam i\u015f\u00e7ilik anlay\u0131\u015f\u0131 ile akaryak\u0131t istasyonu yapan firmalar aras\u0131nda sekt\u00f6re yeni standartlar getirmi\u015ftir.<\/h4>\n<span id=\"g1-space-3\" class=\"g1-space \" style=\"height:1.5em;\"><\/span>\n<div id=\"g1-divider-2\" class=\"g1-divider g1-divider--none g1-divider--icon \"><span><i class=\"fa fa-info\"><\/i><\/span><\/div>\n<span id=\"g1-space-4\" class=\"g1-space \" style=\"height:1.5em;\"><\/span>\n<ul class=\"g1-grid\"><li class=\"g1-column g1-one-third g1-valign-top\">\n<p>Mutlu M\u00fc\u015fteriler<\/p>\n<span id=\"duplicator-counter-1\" class=\"g1-duplicator g1-duplicator--simple g1-duplicator--right \" data-g1-start=\"0\" data-g1-stop=\"15\" data-g1-max=\"20\" data-g1-step=\"1\" data-g1-delay=\"0\"><i class=\"fa fa-smile-o\"><\/i><\/span>\n<\/li><!-- -->\n<li class=\"g1-column g1-one-third g1-valign-top\">\n<p>Sevgiyle \u00c7al\u0131\u015fanlar<\/p>\n<span id=\"duplicator-counter-2\" class=\"g1-duplicator g1-duplicator--simple g1-duplicator--right \" data-g1-start=\"0\" data-g1-stop=\"15\" data-g1-max=\"20\" data-g1-step=\"1\" data-g1-delay=\"0\"><i class=\"fa fa-heart\"><\/i><\/span>\n<\/li><!-- -->\n<li class=\"g1-column g1-one-third g1-valign-top\">\n<p>Ba\u015far\u0131l\u0131 \u0130\u015fler<\/p>\n<span id=\"duplicator-counter-3\" class=\"g1-duplicator g1-duplicator--simple g1-duplicator--right \" data-g1-start=\"0\" data-g1-stop=\"15\" data-g1-max=\"20\" data-g1-step=\"1\" data-g1-delay=\"0\"><i class=\"fa fa-check\"><\/i><\/span>\n<\/li><!-- --><\/ul>\n<span id=\"g1-space-5\" class=\"g1-space \" style=\"height:1.5em;\"><\/span>\n<div id=\"g1-divider-3\" class=\"g1-divider g1-divider--none g1-divider--icon \"><span><i class=\"fa fa-arrow-circle-o-down\"><\/i><\/span><\/div>\n<span id=\"g1-space-6\" class=\"g1-space \" style=\"height:1.5em;\"><\/span><\/p>","protected":false},"excerpt":{"rendered":"<p>BAOS Makine Ekipmanlar\u0131, \u0130n\u015faat, Proje Y\u00f6netimi A.\u015e 25 senelik deneyimiyle anahtar teslimi istasyon kurulumu yapmaktad\u0131r. Opet, Shell, Bp, Total, Petrol Ofisi, Alpet, Aytemiz gibi \u00f6nde gelen bir \u00e7ok akaryak\u0131t da\u011f\u0131t\u0131m firmas\u0131 i\u00e7in yurti\u00e7inde ve yurtd\u0131\u015f\u0131nda bir\u00e7ok i\u015fte g\u00f6rev alm\u0131\u015ft\u0131r.Temiz, g\u00fcvenli, sa\u011flam i\u015f\u00e7ilik anlay\u0131\u015f\u0131 ile akaryak\u0131t istasyonu yapan firmalar aras\u0131nda sekt\u00f6re yeni standartlar getirmi\u015ftir.<\/p>\n","protected":false},"author":1,"featured_media":0,"parent":0,"menu_order":0,"comment_status":"closed","ping_status":"closed","template":"","meta":{"footnotes":""},"class_list":["post-74","page","type-page","status-publish"],"_links":{"self":[{"href":"https:\/\/www.baos.com.tr\/de\/wp-json\/wp\/v2\/pages\/74","targetHints":{"allow":["GET"]}}],"collection":[{"href":"https:\/\/www.baos.com.tr\/de\/wp-json\/wp\/v2\/pages"}],"about":[{"href":"https:\/\/www.baos.com.tr\/de\/wp-json\/wp\/v2\/types\/page"}],"author":[{"embeddable":true,"href":"https:\/\/www.baos.com.tr\/de\/wp-json\/wp\/v2\/users\/1"}],"replies":[{"embeddable":true,"href":"https:\/\/www.baos.com.tr\/de\/wp-json\/wp\/v2\/comments?post=74"}],"version-history":[{"count":2,"href":"https:\/\/www.baos.com.tr\/de\/wp-json\/wp\/v2\/pages\/74\/revisions"}],"predecessor-version":[{"id":1380,"href":"https:\/\/www.baos.com.tr\/de\/wp-json\/wp\/v2\/pages\/74\/revisions\/1380"}],"wp:attachment":[{"href":"https:\/\/www.baos.com.tr\/de\/wp-json\/wp\/v2\/media?parent=74"}],"curies":[{"name":"wp","href":"https:\/\/api.w.org\/{rel}","templated":true}]}}