{"id":81,"date":"2014-07-01T00:54:48","date_gmt":"2014-06-30T21:54:48","guid":{"rendered":"https:\/\/www.ba-os.com.tr\/?page_id=81"},"modified":"2016-05-24T11:39:42","modified_gmt":"2016-05-24T08:39:42","slug":"nasil-yaptik","status":"publish","type":"page","link":"https:\/\/www.baos.com.tr\/de\/nasil-yaptik\/","title":{"rendered":"Nas\u0131l Yapt\u0131k?"},"content":{"rendered":"<p><style type=\"text\/css\" scoped=\"scoped\">#g1-section-1.g1-section {background-repeat:repeat; background-position:center top; background-attachment:static;}<\/style><div id=\"g1-section-1\" class=\"g1-section \"><div class=\"g1-layout-inner\">\n<h2 style=\"text-align: center;\">Bu videoda istasyonlar\u0131m\u0131z\u0131 nas\u0131l yapt\u0131\u011f\u0131m\u0131z\u0131 h\u0131zland\u0131r\u0131lm\u0131\u015f \u015fekilde izleyebilirsiniz .<\/h2>\n<\/div><\/div><\/p>\n<style type=\"text\/css\" scoped=\"scoped\">#g1-section-2.g1-section {background-repeat:repeat; background-position:center top; background-attachment:static;}<\/style><div id=\"g1-section-2\" class=\"g1-section \"><div class=\"g1-layout-inner\">\n<p style=\"text-align: center;\"><iframe loading=\"lazy\" src=\"https:\/\/www.youtube.com\/embed\/AJiXGMOHulM\" width=\"100%\" height=\"560\" frameborder=\"0\" allowfullscreen=\"allowfullscreen\"><\/iframe><\/p>\n<p>&nbsp;<\/p>\n<\/div><\/div><\/p>","protected":false},"excerpt":{"rendered":"","protected":false},"author":1,"featured_media":0,"parent":0,"menu_order":0,"comment_status":"closed","ping_status":"closed","template":"g1_template_page_full_sections.php","meta":{"footnotes":""},"class_list":["post-81","page","type-page","status-publish"],"_links":{"self":[{"href":"https:\/\/www.baos.com.tr\/de\/wp-json\/wp\/v2\/pages\/81","targetHints":{"allow":["GET"]}}],"collection":[{"href":"https:\/\/www.baos.com.tr\/de\/wp-json\/wp\/v2\/pages"}],"about":[{"href":"https:\/\/www.baos.com.tr\/de\/wp-json\/wp\/v2\/types\/page"}],"author":[{"embeddable":true,"href":"https:\/\/www.baos.com.tr\/de\/wp-json\/wp\/v2\/users\/1"}],"replies":[{"embeddable":true,"href":"https:\/\/www.baos.com.tr\/de\/wp-json\/wp\/v2\/comments?post=81"}],"version-history":[{"count":0,"href":"https:\/\/www.baos.com.tr\/de\/wp-json\/wp\/v2\/pages\/81\/revisions"}],"wp:attachment":[{"href":"https:\/\/www.baos.com.tr\/de\/wp-json\/wp\/v2\/media?parent=81"}],"curies":[{"name":"wp","href":"https:\/\/api.w.org\/{rel}","templated":true}]}}