{"id":76,"date":"2014-07-01T00:43:20","date_gmt":"2014-06-30T21:43:20","guid":{"rendered":"https:\/\/www.baos.com.tr\/?page_id=76"},"modified":"2018-04-05T16:21:37","modified_gmt":"2018-04-05T13:21:37","slug":"ne-yapiyoruz","status":"publish","type":"page","link":"https:\/\/www.baos.com.tr\/en\/ne-yapiyoruz\/","title":{"rendered":"Works"},"content":{"rendered":"<p><ul class=\"g1-grid\"><li class=\"g1-column g1-one-fourth g1-valign-top\">\n<h2>Petrol and LPG Station Installation<\/h2>\n<\/li><!-- --><\/p>\n<li class=\"g1-column g1-three-fourth g1-valign-top\">\n<div id=\"g1-custom-posts-shortcode-4\" class=\"g1-collection-custom_works g1-custom-posts-shortcode g1-shortcode \">\n\n<!-- BEGIN: .g1-collection -->\n<div class=\"g1-collection g1-collection--grid g1-collection--one-fourth g1-collection--simple g1-effect-none\">\n    <ul><!-- --><li class=\"g1-collection__item\">\n        <article id=\"post-567\" class=\"post-567 g1_work type-g1_work status-publish format-standard has-post-thumbnail g1_work_category-insaat g1_relation_tag-insaat g1-brief\">\n    <figure class=\"entry-featured-media\">\n<a href=\"https:\/\/www.baos.com.tr\/en\/work\/akaryakit-istasyonu-yapimi\/\" id=\"g1-frame-11\" class=\"g1-frame g1-frame--none g1-frame--inherit g1-frame--center \"><span class=\"g1-decorator\">\n\t\t\t\t<img loading=\"lazy\" decoding=\"async\" width=\"239\" height=\"134\" src=\"https:\/\/www.baos.com.tr\/wp-content\/uploads\/akaryak\u0131t-istasyonu-yap\u0131m\u0131-opet-239x134.jpg\" class=\"attachment-g1_one_fourth size-g1_one_fourth wp-post-image\" alt=\"\" srcset=\"https:\/\/www.baos.com.tr\/wp-content\/uploads\/akaryak\u0131t-istasyonu-yap\u0131m\u0131-opet-239x134.jpg 239w, https:\/\/www.baos.com.tr\/wp-content\/uploads\/akaryak\u0131t-istasyonu-yap\u0131m\u0131-opet-482x271.jpg 482w, https:\/\/www.baos.com.tr\/wp-content\/uploads\/akaryak\u0131t-istasyonu-yap\u0131m\u0131-opet-320x180.jpg 320w\" sizes=\"auto, (max-width: 239px) 100vw, 239px\" \/>\n\t\t\t\t<span class=\"g1-indicator g1-indicator-document\"><\/span>\n<\/span><\/a>\n<\/figure>\n    <div class=\"g1-nonmedia\">\n        <div class=\"g1-inner\">\n            <header class=\"entry-header\">\n                <h3><a href=\"https:\/\/www.baos.com.tr\/en\/work\/akaryakit-istasyonu-yapimi\/\" title=\"Petrol and LPG Station Installation\" >Petrol and LPG Station Installation<\/a><\/h3>                            <\/header><!-- .entry-header -->\n\n            \n            <footer class=\"entry-footer\">\n                \n                            <\/footer><!-- .entry-footer -->\n        <\/div>\n        <div class=\"g1-01\"><\/div>\n    <\/div>\n\n<\/article><!-- .post-XX -->    <\/li><!-- --><li class=\"g1-collection__item\">\n        <article id=\"post-602\" class=\"post-602 g1_work type-g1_work status-publish format-standard has-post-thumbnail g1_work_category-insaat g1_relation_tag-insaat g1-brief\">\n    <figure class=\"entry-featured-media\">\n<a href=\"https:\/\/www.baos.com.tr\/en\/work\/akaryakit-istasyonu-altyapi-yapimi\/\" id=\"g1-frame-12\" class=\"g1-frame g1-frame--none g1-frame--inherit g1-frame--center \"><span class=\"g1-decorator\">\n\t\t\t\t<img loading=\"lazy\" decoding=\"async\" width=\"239\" height=\"134\" src=\"https:\/\/www.baos.com.tr\/wp-content\/uploads\/akaryak\u0131t-istasyonu-altyap\u0131-tesisat1-239x134.jpg\" class=\"attachment-g1_one_fourth size-g1_one_fourth wp-post-image\" alt=\"akaryak\u0131t istasyonu altyap\u0131 tesisat\" srcset=\"https:\/\/www.baos.com.tr\/wp-content\/uploads\/akaryak\u0131t-istasyonu-altyap\u0131-tesisat1-239x134.jpg 239w, https:\/\/www.baos.com.tr\/wp-content\/uploads\/akaryak\u0131t-istasyonu-altyap\u0131-tesisat1-482x271.jpg 482w, https:\/\/www.baos.com.tr\/wp-content\/uploads\/akaryak\u0131t-istasyonu-altyap\u0131-tesisat1-320x180.jpg 320w\" sizes=\"auto, (max-width: 239px) 100vw, 239px\" \/>\n\t\t\t\t<span class=\"g1-indicator g1-indicator-document\"><\/span>\n<\/span><\/a>\n<\/figure>\n    <div class=\"g1-nonmedia\">\n        <div class=\"g1-inner\">\n            <header class=\"entry-header\">\n                <h3><a href=\"https:\/\/www.baos.com.tr\/en\/work\/akaryakit-istasyonu-altyapi-yapimi\/\" title=\"Piping\" >Piping<\/a><\/h3>                            <\/header><!-- .entry-header -->\n\n            \n            <footer class=\"entry-footer\">\n                \n                            <\/footer><!-- .entry-footer -->\n        <\/div>\n        <div class=\"g1-01\"><\/div>\n    <\/div>\n\n<\/article><!-- .post-XX -->    <\/li><!-- --><li class=\"g1-collection__item\">\n        <article id=\"post-586\" class=\"post-586 g1_work type-g1_work status-publish format-standard has-post-thumbnail g1_work_category-insaat g1_relation_tag-insaat g1-brief\">\n    <figure class=\"entry-featured-media\">\n<a href=\"https:\/\/www.baos.com.tr\/en\/work\/akaryakit-istasyonu-acmak-proje\/\" id=\"g1-frame-13\" class=\"g1-frame g1-frame--none g1-frame--inherit g1-frame--center \"><span class=\"g1-decorator\">\n\t\t\t\t<img loading=\"lazy\" decoding=\"async\" width=\"239\" height=\"134\" src=\"https:\/\/www.baos.com.tr\/wp-content\/uploads\/akaryak\u0131t-istasyonu-proje-239x134.jpg\" class=\"attachment-g1_one_fourth size-g1_one_fourth wp-post-image\" alt=\"\" srcset=\"https:\/\/www.baos.com.tr\/wp-content\/uploads\/akaryak\u0131t-istasyonu-proje-239x134.jpg 239w, https:\/\/www.baos.com.tr\/wp-content\/uploads\/akaryak\u0131t-istasyonu-proje-482x271.jpg 482w, https:\/\/www.baos.com.tr\/wp-content\/uploads\/akaryak\u0131t-istasyonu-proje-320x180.jpg 320w\" sizes=\"auto, (max-width: 239px) 100vw, 239px\" \/>\n\t\t\t\t<span class=\"g1-indicator g1-indicator-document\"><\/span>\n<\/span><\/a>\n<\/figure>\n    <div class=\"g1-nonmedia\">\n        <div class=\"g1-inner\">\n            <header class=\"entry-header\">\n                <h3><a href=\"https:\/\/www.baos.com.tr\/en\/work\/akaryakit-istasyonu-acmak-proje\/\" title=\"Project Management\" >Project Management<\/a><\/h3>                            <\/header><!-- .entry-header -->\n\n            \n            <footer class=\"entry-footer\">\n                \n                            <\/footer><!-- .entry-footer -->\n        <\/div>\n        <div class=\"g1-01\"><\/div>\n    <\/div>\n\n<\/article><!-- .post-XX -->    <\/li><!-- --><li class=\"g1-collection__item\">\n        <article id=\"post-622\" class=\"post-622 g1_work type-g1_work status-publish format-standard has-post-thumbnail g1_work_category-insaat g1_relation_tag-insaat g1-brief\">\n    <figure class=\"entry-featured-media\">\n<a href=\"https:\/\/www.baos.com.tr\/en\/work\/saha-betonu-yapimi\/\" id=\"g1-frame-14\" class=\"g1-frame g1-frame--none g1-frame--inherit g1-frame--center \"><span class=\"g1-decorator\">\n\t\t\t\t<img loading=\"lazy\" decoding=\"async\" width=\"239\" height=\"134\" src=\"https:\/\/www.baos.com.tr\/wp-content\/uploads\/istasyon-saha-betonu1-239x134.jpg\" class=\"attachment-g1_one_fourth size-g1_one_fourth wp-post-image\" alt=\"istasyon-saha-betonu\" srcset=\"https:\/\/www.baos.com.tr\/wp-content\/uploads\/istasyon-saha-betonu1-239x134.jpg 239w, https:\/\/www.baos.com.tr\/wp-content\/uploads\/istasyon-saha-betonu1-482x271.jpg 482w, https:\/\/www.baos.com.tr\/wp-content\/uploads\/istasyon-saha-betonu1-320x180.jpg 320w\" sizes=\"auto, (max-width: 239px) 100vw, 239px\" \/>\n\t\t\t\t<span class=\"g1-indicator g1-indicator-document\"><\/span>\n<\/span><\/a>\n<\/figure>\n    <div class=\"g1-nonmedia\">\n        <div class=\"g1-inner\">\n            <header class=\"entry-header\">\n                <h3><a href=\"https:\/\/www.baos.com.tr\/en\/work\/saha-betonu-yapimi\/\" title=\"Field Concrete\" >Field Concrete<\/a><\/h3>                            <\/header><!-- .entry-header -->\n\n            \n            <footer class=\"entry-footer\">\n                \n                            <\/footer><!-- .entry-footer -->\n        <\/div>\n        <div class=\"g1-01\"><\/div>\n    <\/div>\n\n<\/article><!-- .post-XX -->    <\/li><!-- --><li class=\"g1-collection__item\">\n        <article id=\"post-610\" class=\"post-610 g1_work type-g1_work status-publish format-standard has-post-thumbnail g1_work_category-insaat g1_relation_tag-insaat g1-brief\">\n    <figure class=\"entry-featured-media\">\n<a href=\"https:\/\/www.baos.com.tr\/en\/work\/elektrik-panosu-imalati\/\" id=\"g1-frame-15\" class=\"g1-frame g1-frame--none g1-frame--inherit g1-frame--center \"><span class=\"g1-decorator\">\n\t\t\t\t<img loading=\"lazy\" decoding=\"async\" width=\"239\" height=\"134\" src=\"https:\/\/www.baos.com.tr\/wp-content\/uploads\/akaryak\u0131t-istasyonu-elektrik-panosu-imalat\u0131-482x2711-239x134.jpg\" class=\"attachment-g1_one_fourth size-g1_one_fourth wp-post-image\" alt=\"\" srcset=\"https:\/\/www.baos.com.tr\/wp-content\/uploads\/akaryak\u0131t-istasyonu-elektrik-panosu-imalat\u0131-482x2711-239x134.jpg 239w, https:\/\/www.baos.com.tr\/wp-content\/uploads\/akaryak\u0131t-istasyonu-elektrik-panosu-imalat\u0131-482x2711-300x169.jpg 300w, https:\/\/www.baos.com.tr\/wp-content\/uploads\/akaryak\u0131t-istasyonu-elektrik-panosu-imalat\u0131-482x2711-320x180.jpg 320w, https:\/\/www.baos.com.tr\/wp-content\/uploads\/akaryak\u0131t-istasyonu-elektrik-panosu-imalat\u0131-482x2711.jpg 482w\" sizes=\"auto, (max-width: 239px) 100vw, 239px\" \/>\n\t\t\t\t<span class=\"g1-indicator g1-indicator-document\"><\/span>\n<\/span><\/a>\n<\/figure>\n    <div class=\"g1-nonmedia\">\n        <div class=\"g1-inner\">\n            <header class=\"entry-header\">\n                <h3><a href=\"https:\/\/www.baos.com.tr\/en\/work\/elektrik-panosu-imalati\/\" title=\"Electric Panels\" >Electric Panels<\/a><\/h3>                            <\/header><!-- .entry-header -->\n\n            \n            <footer class=\"entry-footer\">\n                \n                            <\/footer><!-- .entry-footer -->\n        <\/div>\n        <div class=\"g1-01\"><\/div>\n    <\/div>\n\n<\/article><!-- .post-XX -->    <\/li><!-- --><li class=\"g1-collection__item\">\n        <article id=\"post-599\" class=\"post-599 g1_work type-g1_work status-publish format-standard has-post-thumbnail g1_work_category-insaat g1_relation_tag-insaat g1-brief\">\n    <figure class=\"entry-featured-media\">\n<a href=\"https:\/\/www.baos.com.tr\/en\/work\/akaryakit-pompasi-satisi-ve-montaji\/\" id=\"g1-frame-16\" class=\"g1-frame g1-frame--none g1-frame--inherit g1-frame--center \"><span class=\"g1-decorator\">\n\t\t\t\t<img loading=\"lazy\" decoding=\"async\" width=\"239\" height=\"134\" src=\"https:\/\/www.baos.com.tr\/wp-content\/uploads\/akaryak\u0131t-pompas\u0131-teknik-resim1-239x134.jpg\" class=\"attachment-g1_one_fourth size-g1_one_fourth wp-post-image\" alt=\"akaryak\u0131t-pompas\u0131-montaj-sat\u0131\u015f-kurulumu\" srcset=\"https:\/\/www.baos.com.tr\/wp-content\/uploads\/akaryak\u0131t-pompas\u0131-teknik-resim1-239x134.jpg 239w, https:\/\/www.baos.com.tr\/wp-content\/uploads\/akaryak\u0131t-pompas\u0131-teknik-resim1-482x271.jpg 482w, https:\/\/www.baos.com.tr\/wp-content\/uploads\/akaryak\u0131t-pompas\u0131-teknik-resim1-320x180.jpg 320w\" sizes=\"auto, (max-width: 239px) 100vw, 239px\" \/>\n\t\t\t\t<span class=\"g1-indicator g1-indicator-document\"><\/span>\n<\/span><\/a>\n<\/figure>\n    <div class=\"g1-nonmedia\">\n        <div class=\"g1-inner\">\n            <header class=\"entry-header\">\n                <h3><a href=\"https:\/\/www.baos.com.tr\/en\/work\/akaryakit-pompasi-satisi-ve-montaji\/\" title=\"Fuel pump sales and installation\" >Fuel pump sales and installation<\/a><\/h3>                            <\/header><!-- .entry-header -->\n\n            \n            <footer class=\"entry-footer\">\n                \n                            <\/footer><!-- .entry-footer -->\n        <\/div>\n        <div class=\"g1-01\"><\/div>\n    <\/div>\n\n<\/article><!-- .post-XX -->    <\/li><!-- --><li class=\"g1-collection__item\">\n        <article id=\"post-628\" class=\"post-628 g1_work type-g1_work status-publish format-standard has-post-thumbnail g1_work_category-insaat g1_relation_tag-insaat g1-brief\">\n    <figure class=\"entry-featured-media\">\n<a href=\"https:\/\/www.baos.com.tr\/en\/work\/kanopi-imalati-celik-konstruksiyon-ve-tonoz-yapimi\/\" id=\"g1-frame-17\" class=\"g1-frame g1-frame--none g1-frame--inherit g1-frame--center \"><span class=\"g1-decorator\">\n\t\t\t\t<img loading=\"lazy\" decoding=\"async\" width=\"239\" height=\"134\" src=\"https:\/\/www.baos.com.tr\/wp-content\/uploads\/kanopi-239x134.jpg\" class=\"attachment-g1_one_fourth size-g1_one_fourth wp-post-image\" alt=\"\" srcset=\"https:\/\/www.baos.com.tr\/wp-content\/uploads\/kanopi-239x134.jpg 239w, https:\/\/www.baos.com.tr\/wp-content\/uploads\/kanopi-482x271.jpg 482w, https:\/\/www.baos.com.tr\/wp-content\/uploads\/kanopi-320x180.jpg 320w\" sizes=\"auto, (max-width: 239px) 100vw, 239px\" \/>\n\t\t\t\t<span class=\"g1-indicator g1-indicator-document\"><\/span>\n<\/span><\/a>\n<\/figure>\n    <div class=\"g1-nonmedia\">\n        <div class=\"g1-inner\">\n            <header class=\"entry-header\">\n                <h3><a href=\"https:\/\/www.baos.com.tr\/en\/work\/kanopi-imalati-celik-konstruksiyon-ve-tonoz-yapimi\/\" title=\"Steel Construction And Construction Works\" >Steel Construction And Construction Works<\/a><\/h3>                            <\/header><!-- .entry-header -->\n\n            \n            <footer class=\"entry-footer\">\n                \n                            <\/footer><!-- .entry-footer -->\n        <\/div>\n        <div class=\"g1-01\"><\/div>\n    <\/div>\n\n<\/article><!-- .post-XX -->    <\/li><!-- --><li class=\"g1-collection__item\">\n        <article id=\"post-619\" class=\"post-619 g1_work type-g1_work status-publish format-standard has-post-thumbnail g1_work_category-insaat g1_relation_tag-insaat g1-brief\">\n    <figure class=\"entry-featured-media\">\n<a href=\"https:\/\/www.baos.com.tr\/en\/work\/market-ve-idari-bina-yapimi\/\" id=\"g1-frame-18\" class=\"g1-frame g1-frame--none g1-frame--inherit g1-frame--center \"><span class=\"g1-decorator\">\n\t\t\t\t<img loading=\"lazy\" decoding=\"async\" width=\"239\" height=\"134\" src=\"https:\/\/www.baos.com.tr\/wp-content\/uploads\/akaryak\u0131t-istasyonu-market1-239x134.jpg\" class=\"attachment-g1_one_fourth size-g1_one_fourth wp-post-image\" alt=\"akaryak\u0131t-istasyonu-market- idari bina yap\u0131m\u0131\" srcset=\"https:\/\/www.baos.com.tr\/wp-content\/uploads\/akaryak\u0131t-istasyonu-market1-239x134.jpg 239w, https:\/\/www.baos.com.tr\/wp-content\/uploads\/akaryak\u0131t-istasyonu-market1-482x271.jpg 482w, https:\/\/www.baos.com.tr\/wp-content\/uploads\/akaryak\u0131t-istasyonu-market1-320x180.jpg 320w\" sizes=\"auto, (max-width: 239px) 100vw, 239px\" \/>\n\t\t\t\t<span class=\"g1-indicator g1-indicator-document\"><\/span>\n<\/span><\/a>\n<\/figure>\n    <div class=\"g1-nonmedia\">\n        <div class=\"g1-inner\">\n            <header class=\"entry-header\">\n                <h3><a href=\"https:\/\/www.baos.com.tr\/en\/work\/market-ve-idari-bina-yapimi\/\" title=\"Admin Building Recondition\" >Admin Building Recondition<\/a><\/h3>                            <\/header><!-- .entry-header -->\n\n            \n            <footer class=\"entry-footer\">\n                \n                            <\/footer><!-- .entry-footer -->\n        <\/div>\n        <div class=\"g1-01\"><\/div>\n    <\/div>\n\n<\/article><!-- .post-XX -->    <\/li><!-- --><li class=\"g1-collection__item\">\n        <article id=\"post-636\" class=\"post-636 g1_work type-g1_work status-publish format-standard has-post-thumbnail g1_work_category-insaat g1_relation_tag-insaat g1-brief\">\n    <figure class=\"entry-featured-media\">\n<a href=\"https:\/\/www.baos.com.tr\/en\/work\/akaryakit-istasyonu-otomasyon-sistemleri\/\" id=\"g1-frame-19\" class=\"g1-frame g1-frame--none g1-frame--inherit g1-frame--center \"><span class=\"g1-decorator\">\n\t\t\t\t<img loading=\"lazy\" decoding=\"async\" width=\"239\" height=\"134\" src=\"https:\/\/www.baos.com.tr\/wp-content\/uploads\/akaryakit_tank_otomasyonu1-239x134.jpg\" class=\"attachment-g1_one_fourth size-g1_one_fourth wp-post-image\" alt=\"akaryakit_tank_otomasyonu\" srcset=\"https:\/\/www.baos.com.tr\/wp-content\/uploads\/akaryakit_tank_otomasyonu1-239x134.jpg 239w, https:\/\/www.baos.com.tr\/wp-content\/uploads\/akaryakit_tank_otomasyonu1-482x271.jpg 482w, https:\/\/www.baos.com.tr\/wp-content\/uploads\/akaryakit_tank_otomasyonu1-320x180.jpg 320w\" sizes=\"auto, (max-width: 239px) 100vw, 239px\" \/>\n\t\t\t\t<span class=\"g1-indicator g1-indicator-document\"><\/span>\n<\/span><\/a>\n<\/figure>\n    <div class=\"g1-nonmedia\">\n        <div class=\"g1-inner\">\n            <header class=\"entry-header\">\n                <h3><a href=\"https:\/\/www.baos.com.tr\/en\/work\/akaryakit-istasyonu-otomasyon-sistemleri\/\" title=\"Automation Systems\" >Automation Systems<\/a><\/h3>                            <\/header><!-- .entry-header -->\n\n            \n            <footer class=\"entry-footer\">\n                \n                            <\/footer><!-- .entry-footer -->\n        <\/div>\n        <div class=\"g1-01\"><\/div>\n    <\/div>\n\n<\/article><!-- .post-XX -->    <\/li><!-- --><li class=\"g1-collection__item\">\n        <article id=\"post-642\" class=\"post-642 g1_work type-g1_work status-publish format-standard has-post-thumbnail g1_work_category-insaat g1_relation_tag-insaat g1-brief\">\n    <figure class=\"entry-featured-media\">\n<a href=\"https:\/\/www.baos.com.tr\/en\/work\/diger-yaptiklarimiz\/\" id=\"g1-frame-20\" class=\"g1-frame g1-frame--none g1-frame--inherit g1-frame--center \"><span class=\"g1-decorator\">\n\t\t\t\t<img loading=\"lazy\" decoding=\"async\" width=\"239\" height=\"134\" src=\"https:\/\/www.baos.com.tr\/wp-content\/uploads\/mobil-istasyon-239x134.jpg\" class=\"attachment-g1_one_fourth size-g1_one_fourth wp-post-image\" alt=\"\" srcset=\"https:\/\/www.baos.com.tr\/wp-content\/uploads\/mobil-istasyon-239x134.jpg 239w, https:\/\/www.baos.com.tr\/wp-content\/uploads\/mobil-istasyon-482x271.jpg 482w, https:\/\/www.baos.com.tr\/wp-content\/uploads\/mobil-istasyon-320x180.jpg 320w\" sizes=\"auto, (max-width: 239px) 100vw, 239px\" \/>\n\t\t\t\t<span class=\"g1-indicator g1-indicator-document\"><\/span>\n<\/span><\/a>\n<\/figure>\n    <div class=\"g1-nonmedia\">\n        <div class=\"g1-inner\">\n            <header class=\"entry-header\">\n                <h3><a href=\"https:\/\/www.baos.com.tr\/en\/work\/diger-yaptiklarimiz\/\" title=\"Mobile Stations\" >Mobile Stations<\/a><\/h3>                            <\/header><!-- .entry-header -->\n\n            \n            <footer class=\"entry-footer\">\n                \n                            <\/footer><!-- .entry-footer -->\n        <\/div>\n        <div class=\"g1-01\"><\/div>\n    <\/div>\n\n<\/article><!-- .post-XX -->    <\/li><!-- --><li class=\"g1-collection__item\">\n        <article id=\"post-1143\" class=\"post-1143 g1_work type-g1_work status-publish format-standard has-post-thumbnail g1_work_category-insaat g1_relation_tag-insaat g1-brief\">\n    <figure class=\"entry-featured-media\">\n<a href=\"https:\/\/www.baos.com.tr\/en\/work\/lpg-skid-system\/\" id=\"g1-frame-21\" class=\"g1-frame g1-frame--none g1-frame--inherit g1-frame--center \"><span class=\"g1-decorator\">\n\t\t\t\t<img loading=\"lazy\" decoding=\"async\" width=\"239\" height=\"134\" src=\"https:\/\/www.baos.com.tr\/wp-content\/uploads\/lpg_skid_system-239x134.png\" class=\"attachment-g1_one_fourth size-g1_one_fourth wp-post-image\" alt=\"\" srcset=\"https:\/\/www.baos.com.tr\/wp-content\/uploads\/lpg_skid_system-239x134.png 239w, https:\/\/www.baos.com.tr\/wp-content\/uploads\/lpg_skid_system-482x271.png 482w, https:\/\/www.baos.com.tr\/wp-content\/uploads\/lpg_skid_system-320x180.png 320w\" sizes=\"auto, (max-width: 239px) 100vw, 239px\" \/>\n\t\t\t\t<span class=\"g1-indicator g1-indicator-document\"><\/span>\n<\/span><\/a>\n<\/figure>\n    <div class=\"g1-nonmedia\">\n        <div class=\"g1-inner\">\n            <header class=\"entry-header\">\n                <h3><a href=\"https:\/\/www.baos.com.tr\/en\/work\/lpg-skid-system\/\" title=\"Lpg Skid System\" >Lpg Skid System<\/a><\/h3>                            <\/header><!-- .entry-header -->\n\n            \n            <footer class=\"entry-footer\">\n                \n                            <\/footer><!-- .entry-footer -->\n        <\/div>\n        <div class=\"g1-01\"><\/div>\n    <\/div>\n\n<\/article><!-- .post-XX -->    <\/li><!-- --><\/ul>\n<\/div>\n<!-- END: .g1-collection -->\n\n<\/div>\n<\/li><!-- --><\/ul>\n<span id=\"g1-space-3\" class=\"g1-space \" style=\"height:4.5em;\"><\/span><\/p>","protected":false},"excerpt":{"rendered":"","protected":false},"author":1,"featured_media":0,"parent":0,"menu_order":0,"comment_status":"closed","ping_status":"closed","template":"","meta":{"footnotes":""},"class_list":{"0":"post-76","1":"page","2":"type-page","3":"status-publish","5":"g1-brief"},"_links":{"self":[{"href":"https:\/\/www.baos.com.tr\/en\/wp-json\/wp\/v2\/pages\/76","targetHints":{"allow":["GET"]}}],"collection":[{"href":"https:\/\/www.baos.com.tr\/en\/wp-json\/wp\/v2\/pages"}],"about":[{"href":"https:\/\/www.baos.com.tr\/en\/wp-json\/wp\/v2\/types\/page"}],"author":[{"embeddable":true,"href":"https:\/\/www.baos.com.tr\/en\/wp-json\/wp\/v2\/users\/1"}],"replies":[{"embeddable":true,"href":"https:\/\/www.baos.com.tr\/en\/wp-json\/wp\/v2\/comments?post=76"}],"version-history":[{"count":0,"href":"https:\/\/www.baos.com.tr\/en\/wp-json\/wp\/v2\/pages\/76\/revisions"}],"wp:attachment":[{"href":"https:\/\/www.baos.com.tr\/en\/wp-json\/wp\/v2\/media?parent=76"}],"curies":[{"name":"wp","href":"https:\/\/api.w.org\/{rel}","templated":true}]}}